{"id":8066,"date":"2021-11-18T06:35:56","date_gmt":"2021-11-18T06:35:56","guid":{"rendered":"https:\/\/ecoclimabarcelona.com\/serveis\/"},"modified":"2023-03-06T16:30:08","modified_gmt":"2023-03-06T16:30:08","slug":"servicios","status":"publish","type":"page","link":"https:\/\/ecoclimabarcelona.com\/es\/areas-de-actividad\/servicios\/","title":{"rendered":"Servicios"},"content":{"rendered":"\t\t<div data-elementor-type=\"wp-page\" data-elementor-id=\"8066\" class=\"elementor elementor-8066 elementor-2896\" data-elementor-post-type=\"page\">\n\t\t\t\t\t\t<section class=\"elementor-section elementor-top-section elementor-element elementor-element-1577b6d elementor-section-height-min-height elementor-section-items-top elementor-section-boxed elementor-section-height-default\" data-id=\"1577b6d\" data-element_type=\"section\" data-e-type=\"section\">\n\t\t\t\t\t\t<div class=\"elementor-container elementor-column-gap-default\">\n\t\t\t\t\t<div class=\"elementor-column elementor-col-100 elementor-top-column elementor-element elementor-element-baf71dc\" data-id=\"baf71dc\" data-element_type=\"column\" data-e-type=\"column\">\n\t\t\t<div class=\"elementor-widget-wrap elementor-element-populated\">\n\t\t\t\t\t\t<div class=\"elementor-element elementor-element-fa552b9 elementor-widget elementor-widget-heading\" data-id=\"fa552b9\" data-element_type=\"widget\" data-e-type=\"widget\" data-widget_type=\"heading.default\">\n\t\t\t\t<div class=\"elementor-widget-container\">\n\t\t\t\t\t<h2 class=\"elementor-heading-title elementor-size-default\">Servicios<\/h2>\t\t\t\t<\/div>\n\t\t\t\t<\/div>\n\t\t\t\t<section class=\"elementor-section elementor-inner-section elementor-element elementor-element-15ac352 elementor-section-boxed elementor-section-height-default elementor-section-height-default\" data-id=\"15ac352\" data-element_type=\"section\" data-e-type=\"section\">\n\t\t\t\t\t\t<div class=\"elementor-container elementor-column-gap-default\">\n\t\t\t\t\t<div class=\"elementor-column elementor-col-25 elementor-inner-column elementor-element elementor-element-6729f87\" data-id=\"6729f87\" data-element_type=\"column\" data-e-type=\"column\">\n\t\t\t<div class=\"elementor-widget-wrap elementor-element-populated\">\n\t\t\t\t\t\t<div class=\"elementor-element elementor-element-687c300 elementor-position-top elementor-widget elementor-widget-image-box\" data-id=\"687c300\" data-element_type=\"widget\" data-e-type=\"widget\" data-widget_type=\"image-box.default\">\n\t\t\t\t<div class=\"elementor-widget-container\">\n\t\t\t\t\t<div class=\"elementor-image-box-wrapper\"><figure class=\"elementor-image-box-img\"><a href=\"https:\/\/ecoclimabarcelona.com\/es\/serveis_ecoclima\/climatitzacion-ventilacion-y-control\/\" tabindex=\"-1\"><img fetchpriority=\"high\" decoding=\"async\" width=\"600\" height=\"400\" src=\"https:\/\/ecoclimabarcelona.com\/wp-content\/uploads\/2023\/02\/Ventilacion_AdobeStock_349693874.jpg\" class=\"attachment-full size-full wp-image-10765\" alt=\"\" srcset=\"https:\/\/ecoclimabarcelona.com\/wp-content\/uploads\/2023\/02\/Ventilacion_AdobeStock_349693874.jpg 600w, https:\/\/ecoclimabarcelona.com\/wp-content\/uploads\/2023\/02\/Ventilacion_AdobeStock_349693874-300x200.jpg 300w\" sizes=\"(max-width: 600px) 100vw, 600px\" \/><\/a><\/figure><div class=\"elementor-image-box-content\"><h3 class=\"elementor-image-box-title\"><a href=\"https:\/\/ecoclimabarcelona.com\/es\/serveis_ecoclima\/climatitzacion-ventilacion-y-control\/\">climatizaci\u00f3n, ventilaci\u00f3n y control<\/a><\/h3><\/div><\/div>\t\t\t\t<\/div>\n\t\t\t\t<\/div>\n\t\t\t\t\t<\/div>\n\t\t<\/div>\n\t\t\t\t<div class=\"elementor-column elementor-col-25 elementor-inner-column elementor-element elementor-element-b9585aa\" data-id=\"b9585aa\" data-element_type=\"column\" data-e-type=\"column\">\n\t\t\t<div class=\"elementor-widget-wrap elementor-element-populated\">\n\t\t\t\t\t\t<div class=\"elementor-element elementor-element-57311f9 elementor-position-top elementor-widget elementor-widget-image-box\" data-id=\"57311f9\" data-element_type=\"widget\" data-e-type=\"widget\" data-widget_type=\"image-box.default\">\n\t\t\t\t<div class=\"elementor-widget-container\">\n\t\t\t\t\t<div class=\"elementor-image-box-wrapper\"><figure class=\"elementor-image-box-img\"><a href=\"https:\/\/ecoclimabarcelona.com\/es\/serveis_ecoclima\/electricidad\/\" tabindex=\"-1\"><img decoding=\"async\" width=\"600\" height=\"400\" src=\"https:\/\/ecoclimabarcelona.com\/wp-content\/uploads\/2023\/02\/Electricidad_AdobeStock_523500229.jpg\" class=\"attachment-full size-full wp-image-10775\" alt=\"\" srcset=\"https:\/\/ecoclimabarcelona.com\/wp-content\/uploads\/2023\/02\/Electricidad_AdobeStock_523500229.jpg 600w, https:\/\/ecoclimabarcelona.com\/wp-content\/uploads\/2023\/02\/Electricidad_AdobeStock_523500229-300x200.jpg 300w\" sizes=\"(max-width: 600px) 100vw, 600px\" \/><\/a><\/figure><div class=\"elementor-image-box-content\"><h3 class=\"elementor-image-box-title\"><a href=\"https:\/\/ecoclimabarcelona.com\/es\/serveis_ecoclima\/electricidad\/\">electricidad<\/a><\/h3><\/div><\/div>\t\t\t\t<\/div>\n\t\t\t\t<\/div>\n\t\t\t\t\t<\/div>\n\t\t<\/div>\n\t\t\t\t<div class=\"elementor-column elementor-col-25 elementor-inner-column elementor-element elementor-element-23150f9\" data-id=\"23150f9\" data-element_type=\"column\" data-e-type=\"column\">\n\t\t\t<div class=\"elementor-widget-wrap elementor-element-populated\">\n\t\t\t\t\t\t<div class=\"elementor-element elementor-element-0b5baee elementor-position-top elementor-widget elementor-widget-image-box\" data-id=\"0b5baee\" data-element_type=\"widget\" data-e-type=\"widget\" data-widget_type=\"image-box.default\">\n\t\t\t\t<div class=\"elementor-widget-container\">\n\t\t\t\t\t<div class=\"elementor-image-box-wrapper\"><figure class=\"elementor-image-box-img\"><a href=\"https:\/\/ecoclimabarcelona.com\/es\/serveis_ecoclima\/energies-renovables\/\" tabindex=\"-1\"><img decoding=\"async\" width=\"600\" height=\"400\" src=\"https:\/\/ecoclimabarcelona.com\/wp-content\/uploads\/2023\/02\/Renovables_AdobeStock_560350762.jpg\" class=\"attachment-full size-full wp-image-10769\" alt=\"\" srcset=\"https:\/\/ecoclimabarcelona.com\/wp-content\/uploads\/2023\/02\/Renovables_AdobeStock_560350762.jpg 600w, https:\/\/ecoclimabarcelona.com\/wp-content\/uploads\/2023\/02\/Renovables_AdobeStock_560350762-300x200.jpg 300w\" sizes=\"(max-width: 600px) 100vw, 600px\" \/><\/a><\/figure><div class=\"elementor-image-box-content\"><h3 class=\"elementor-image-box-title\"><a href=\"https:\/\/ecoclimabarcelona.com\/es\/serveis_ecoclima\/energies-renovables\/\">energ\u00edas renovables<\/a><\/h3><\/div><\/div>\t\t\t\t<\/div>\n\t\t\t\t<\/div>\n\t\t\t\t\t<\/div>\n\t\t<\/div>\n\t\t\t\t<div class=\"elementor-column elementor-col-25 elementor-inner-column elementor-element elementor-element-4807921\" data-id=\"4807921\" data-element_type=\"column\" data-e-type=\"column\">\n\t\t\t<div class=\"elementor-widget-wrap elementor-element-populated\">\n\t\t\t\t\t\t<div class=\"elementor-element elementor-element-d47715f elementor-position-top elementor-widget elementor-widget-image-box\" data-id=\"d47715f\" data-element_type=\"widget\" data-e-type=\"widget\" data-widget_type=\"image-box.default\">\n\t\t\t\t<div class=\"elementor-widget-container\">\n\t\t\t\t\t<div class=\"elementor-image-box-wrapper\"><figure class=\"elementor-image-box-img\"><a href=\"https:\/\/ecoclimabarcelona.com\/es\/serveis_ecoclima\/gas-y-calefaccion\" tabindex=\"-1\"><img loading=\"lazy\" decoding=\"async\" width=\"600\" height=\"400\" src=\"https:\/\/ecoclimabarcelona.com\/wp-content\/uploads\/2023\/02\/Calefaccion-AdobeStock_203428400.jpg\" class=\"attachment-full size-full wp-image-10763\" alt=\"\" srcset=\"https:\/\/ecoclimabarcelona.com\/wp-content\/uploads\/2023\/02\/Calefaccion-AdobeStock_203428400.jpg 600w, https:\/\/ecoclimabarcelona.com\/wp-content\/uploads\/2023\/02\/Calefaccion-AdobeStock_203428400-300x200.jpg 300w\" sizes=\"(max-width: 600px) 100vw, 600px\" \/><\/a><\/figure><div class=\"elementor-image-box-content\"><h3 class=\"elementor-image-box-title\"><a href=\"https:\/\/ecoclimabarcelona.com\/es\/serveis_ecoclima\/gas-y-calefaccion\">calefacci\u00f3n y gas<\/a><\/h3><\/div><\/div>\t\t\t\t<\/div>\n\t\t\t\t<\/div>\n\t\t\t\t\t<\/div>\n\t\t<\/div>\n\t\t\t\t\t<\/div>\n\t\t<\/section>\n\t\t\t\t<div class=\"elementor-element elementor-element-a3916e5 elementor-hidden-tablet elementor-hidden-mobile elementor-widget elementor-widget-spacer\" data-id=\"a3916e5\" data-element_type=\"widget\" data-e-type=\"widget\" data-widget_type=\"spacer.default\">\n\t\t\t\t<div class=\"elementor-widget-container\">\n\t\t\t\t\t\t\t<div class=\"elementor-spacer\">\n\t\t\t<div class=\"elementor-spacer-inner\"><\/div>\n\t\t<\/div>\n\t\t\t\t\t\t<\/div>\n\t\t\t\t<\/div>\n\t\t\t\t<section class=\"elementor-section elementor-inner-section elementor-element elementor-element-f489bf7 elementor-section-boxed elementor-section-height-default elementor-section-height-default\" data-id=\"f489bf7\" data-element_type=\"section\" data-e-type=\"section\">\n\t\t\t\t\t\t<div class=\"elementor-container elementor-column-gap-default\">\n\t\t\t\t\t<div class=\"elementor-column elementor-col-25 elementor-inner-column elementor-element elementor-element-9163303\" data-id=\"9163303\" data-element_type=\"column\" data-e-type=\"column\">\n\t\t\t<div class=\"elementor-widget-wrap elementor-element-populated\">\n\t\t\t\t\t\t<div class=\"elementor-element elementor-element-b8f6aeb elementor-position-top elementor-widget elementor-widget-image-box\" data-id=\"b8f6aeb\" data-element_type=\"widget\" data-e-type=\"widget\" data-widget_type=\"image-box.default\">\n\t\t\t\t<div class=\"elementor-widget-container\">\n\t\t\t\t\t<div class=\"elementor-image-box-wrapper\"><figure class=\"elementor-image-box-img\"><a href=\"https:\/\/ecoclimabarcelona.com\/es\/serveis_ecoclima\/fontaneria\/\" tabindex=\"-1\"><img loading=\"lazy\" decoding=\"async\" width=\"600\" height=\"400\" src=\"https:\/\/ecoclimabarcelona.com\/wp-content\/uploads\/2023\/02\/foto_fluids_i_produccio_acs.jpg\" class=\"attachment-full size-full wp-image-10773\" alt=\"\" srcset=\"https:\/\/ecoclimabarcelona.com\/wp-content\/uploads\/2023\/02\/foto_fluids_i_produccio_acs.jpg 600w, https:\/\/ecoclimabarcelona.com\/wp-content\/uploads\/2023\/02\/foto_fluids_i_produccio_acs-300x200.jpg 300w\" sizes=\"(max-width: 600px) 100vw, 600px\" \/><\/a><\/figure><div class=\"elementor-image-box-content\"><h3 class=\"elementor-image-box-title\"><a href=\"https:\/\/ecoclimabarcelona.com\/es\/serveis_ecoclima\/fontaneria\/\">Fluidos y Producci\u00f3n ACS<\/a><\/h3><\/div><\/div>\t\t\t\t<\/div>\n\t\t\t\t<\/div>\n\t\t\t\t\t<\/div>\n\t\t<\/div>\n\t\t\t\t<div class=\"elementor-column elementor-col-25 elementor-inner-column elementor-element elementor-element-6067c4b\" data-id=\"6067c4b\" data-element_type=\"column\" data-e-type=\"column\">\n\t\t\t<div class=\"elementor-widget-wrap elementor-element-populated\">\n\t\t\t\t\t\t<div class=\"elementor-element elementor-element-d1dedda elementor-position-top elementor-widget elementor-widget-image-box\" data-id=\"d1dedda\" data-element_type=\"widget\" data-e-type=\"widget\" data-widget_type=\"image-box.default\">\n\t\t\t\t<div class=\"elementor-widget-container\">\n\t\t\t\t\t<div class=\"elementor-image-box-wrapper\"><figure class=\"elementor-image-box-img\"><a href=\"https:\/\/ecoclimabarcelona.com\/es\/serveis_ecoclima\/telecomunicaciones\/\" tabindex=\"-1\"><img loading=\"lazy\" decoding=\"async\" width=\"600\" height=\"400\" src=\"https:\/\/ecoclimabarcelona.com\/wp-content\/uploads\/2023\/02\/Comunicaciones_AdobeStock_340046859.jpg\" class=\"attachment-full size-full wp-image-10777\" alt=\"\" srcset=\"https:\/\/ecoclimabarcelona.com\/wp-content\/uploads\/2023\/02\/Comunicaciones_AdobeStock_340046859.jpg 600w, https:\/\/ecoclimabarcelona.com\/wp-content\/uploads\/2023\/02\/Comunicaciones_AdobeStock_340046859-300x200.jpg 300w\" sizes=\"(max-width: 600px) 100vw, 600px\" \/><\/a><\/figure><div class=\"elementor-image-box-content\"><h3 class=\"elementor-image-box-title\"><a href=\"https:\/\/ecoclimabarcelona.com\/es\/serveis_ecoclima\/telecomunicaciones\/\">telecomunicaciones<\/a><\/h3><\/div><\/div>\t\t\t\t<\/div>\n\t\t\t\t<\/div>\n\t\t\t\t\t<\/div>\n\t\t<\/div>\n\t\t\t\t<div class=\"elementor-column elementor-col-25 elementor-inner-column elementor-element elementor-element-8f7c34b\" data-id=\"8f7c34b\" data-element_type=\"column\" data-e-type=\"column\">\n\t\t\t<div class=\"elementor-widget-wrap elementor-element-populated\">\n\t\t\t\t\t\t<div class=\"elementor-element elementor-element-5dbc201 elementor-position-top elementor-widget elementor-widget-image-box\" data-id=\"5dbc201\" data-element_type=\"widget\" data-e-type=\"widget\" data-widget_type=\"image-box.default\">\n\t\t\t\t<div class=\"elementor-widget-container\">\n\t\t\t\t\t<div class=\"elementor-image-box-wrapper\"><figure class=\"elementor-image-box-img\"><a href=\"https:\/\/ecoclimabarcelona.com\/es\/serveis_ecoclima\/proteccion-contra-incendios\/\" tabindex=\"-1\"><img loading=\"lazy\" decoding=\"async\" width=\"600\" height=\"400\" src=\"https:\/\/ecoclimabarcelona.com\/wp-content\/uploads\/2023\/02\/Incendios_AdobeStock_250352277.jpg\" class=\"attachment-full size-full wp-image-10771\" alt=\"\" srcset=\"https:\/\/ecoclimabarcelona.com\/wp-content\/uploads\/2023\/02\/Incendios_AdobeStock_250352277.jpg 600w, https:\/\/ecoclimabarcelona.com\/wp-content\/uploads\/2023\/02\/Incendios_AdobeStock_250352277-300x200.jpg 300w\" sizes=\"(max-width: 600px) 100vw, 600px\" \/><\/a><\/figure><div class=\"elementor-image-box-content\"><h3 class=\"elementor-image-box-title\"><a href=\"https:\/\/ecoclimabarcelona.com\/es\/serveis_ecoclima\/proteccion-contra-incendios\/\">protecci\u00f3n contra incendios<\/a><\/h3><\/div><\/div>\t\t\t\t<\/div>\n\t\t\t\t<\/div>\n\t\t\t\t\t<\/div>\n\t\t<\/div>\n\t\t\t\t<div class=\"elementor-column elementor-col-25 elementor-inner-column elementor-element elementor-element-0a849af\" data-id=\"0a849af\" data-element_type=\"column\" data-e-type=\"column\">\n\t\t\t<div class=\"elementor-widget-wrap elementor-element-populated\">\n\t\t\t\t\t\t<div class=\"elementor-element elementor-element-e7d47ad elementor-position-top elementor-widget elementor-widget-image-box\" data-id=\"e7d47ad\" data-element_type=\"widget\" data-e-type=\"widget\" data-widget_type=\"image-box.default\">\n\t\t\t\t<div class=\"elementor-widget-container\">\n\t\t\t\t\t<div class=\"elementor-image-box-wrapper\"><figure class=\"elementor-image-box-img\"><a href=\"https:\/\/ecoclimabarcelona.com\/es\/serveis_ecoclima\/seguridad\" tabindex=\"-1\"><img loading=\"lazy\" decoding=\"async\" width=\"600\" height=\"400\" src=\"https:\/\/ecoclimabarcelona.com\/wp-content\/uploads\/2023\/02\/SeguridadAdobeStock_155988837.jpg\" class=\"attachment-full size-full wp-image-10767\" alt=\"\" srcset=\"https:\/\/ecoclimabarcelona.com\/wp-content\/uploads\/2023\/02\/SeguridadAdobeStock_155988837.jpg 600w, https:\/\/ecoclimabarcelona.com\/wp-content\/uploads\/2023\/02\/SeguridadAdobeStock_155988837-300x200.jpg 300w\" sizes=\"(max-width: 600px) 100vw, 600px\" \/><\/a><\/figure><div class=\"elementor-image-box-content\"><h3 class=\"elementor-image-box-title\"><a href=\"https:\/\/ecoclimabarcelona.com\/es\/serveis_ecoclima\/seguridad\">seguridad<\/a><\/h3><\/div><\/div>\t\t\t\t<\/div>\n\t\t\t\t<\/div>\n\t\t\t\t\t<\/div>\n\t\t<\/div>\n\t\t\t\t\t<\/div>\n\t\t<\/section>\n\t\t\t\t\t<\/div>\n\t\t<\/div>\n\t\t\t\t\t<\/div>\n\t\t<\/section>\n\t\t\t\t<\/div>\n\t\t","protected":false},"excerpt":{"rendered":"<p>Servicios climatizaci\u00f3n, ventilaci\u00f3n y control electricidad energ\u00edas renovables calefacci\u00f3n y gas Fluidos y Producci\u00f3n ACS telecomunicaciones protecci\u00f3n contra incendios seguridad<\/p>\n","protected":false},"author":1,"featured_media":0,"parent":8053,"menu_order":0,"comment_status":"closed","ping_status":"closed","template":"elementor_header_footer","meta":{"_acf_changed":false,"footnotes":""},"class_list":["post-8066","page","type-page","status-publish","hentry"],"acf":[],"_links":{"self":[{"href":"https:\/\/ecoclimabarcelona.com\/es\/wp-json\/wp\/v2\/pages\/8066","targetHints":{"allow":["GET"]}}],"collection":[{"href":"https:\/\/ecoclimabarcelona.com\/es\/wp-json\/wp\/v2\/pages"}],"about":[{"href":"https:\/\/ecoclimabarcelona.com\/es\/wp-json\/wp\/v2\/types\/page"}],"author":[{"embeddable":true,"href":"https:\/\/ecoclimabarcelona.com\/es\/wp-json\/wp\/v2\/users\/1"}],"replies":[{"embeddable":true,"href":"https:\/\/ecoclimabarcelona.com\/es\/wp-json\/wp\/v2\/comments?post=8066"}],"version-history":[{"count":0,"href":"https:\/\/ecoclimabarcelona.com\/es\/wp-json\/wp\/v2\/pages\/8066\/revisions"}],"up":[{"embeddable":true,"href":"https:\/\/ecoclimabarcelona.com\/es\/wp-json\/wp\/v2\/pages\/8053"}],"wp:attachment":[{"href":"https:\/\/ecoclimabarcelona.com\/es\/wp-json\/wp\/v2\/media?parent=8066"}],"curies":[{"name":"wp","href":"https:\/\/api.w.org\/{rel}","templated":true}]}}